{"id":33,"date":"2025-06-16T13:59:50","date_gmt":"2025-06-16T11:59:50","guid":{"rendered":"https:\/\/wrotaczasu.org\/?page_id=33"},"modified":"2025-10-01T14:03:32","modified_gmt":"2025-10-01T12:03:32","slug":"zarezerwuj","status":"publish","type":"page","link":"https:\/\/wrotaczasu.org\/index.php\/zarezerwuj\/","title":{"rendered":"Zarezerwuj"},"content":{"rendered":"<!--themify_builder_content-->\n<div id=\"themify_builder_content-33\" data-postid=\"33\" class=\"themify_builder_content themify_builder_content-33 themify_builder tf_clear\">\n                    <div  data-css_id=\"5nuz43\" data-lazy=\"1\" class=\"module_row themify_builder_row fullwidth tb_5nuz43 tb_first tf_w\">\n                        <div class=\"row_inner col_align_top tb_col_count_1 tf_box tf_rel\">\n                        <div  data-lazy=\"1\" class=\"module_column tb-column col-full tb_krb844 first\">\n                            <div  data-lazy=\"1\" class=\"module_subrow themify_builder_sub_row tf_w col_align_top tb_col_count_1 tb_iaye960\">\n                <div  data-lazy=\"1\" class=\"module_column sub_column col-full tb_vsrn960 first\">\n                    <!-- module plain text -->\n<div  class=\"module module-plain-text tb_gohd856 \" data-lazy=\"1\">\n        <div class=\"tb_text_wrap\">\n    <script type=\"text\/javascript\">\n  window.handleIFrameMessage = function(e){ if(e.data.height && e.data.id){ const el = document.getElementById(e.data.id);if(el) el.style.height = e.data.height+\"px\"; } };\n  window.addEventListener(\"message\", handleIFrameMessage, false);\n<\/script>\n<iframe id=\"iframe_calendar_HFm56DQPYseLAiJidKBmsxyEesRTbLoR_6361\" src=\"https:\/\/widget.lock.me\/pl\/calendar\/HFm56DQPYseLAiJidKBmsxyEesRTbLoR_6361.html?chooser=1\" border=\"0\" width=\"100%\" height=\"450\" style=\"border:none;\"><\/iframe>    <\/div>\n<\/div>\n<!-- \/module plain text -->        <\/div>\n                    <\/div>\n                <\/div>\n                        <\/div>\n        <\/div>\n                        <div  data-css_id=\"ynsa342\" data-lazy=\"1\" class=\"module_row themify_builder_row fullwidth tb_ynsa342 tf_w\">\n                        <div class=\"row_inner col_align_middle tb_col_count_2 tf_box tf_rel\">\n                        <div  data-lazy=\"1\" class=\"module_column tb-column col4-2 tb_0phd342 first\">\n                            <\/div>\n                    <div  data-lazy=\"1\" class=\"module_column tb-column col3-1 tb_o442342 last\">\n                    <!-- module text -->\n<div  class=\"module module-text tb_ju82342   \" data-lazy=\"1\">\n        <div  class=\"tb_text_wrap\">\n        <h3>Lokalizacja:<\/h3>\n<p>Jadwisin<br>ul. Akacjowa 9<br><a href=\"https:\/\/g.co\/kgs\/7ZnGJWg\">Zobacz na mapie<\/a><\/p>    <\/div>\n<\/div>\n<!-- \/module text --><!-- module text -->\n<div  class=\"module module-text tb_r42o342   \" data-lazy=\"1\">\n        <div  class=\"tb_text_wrap\">\n        <h3>Zadzwo\u0144:<\/h3>\n<p>+48 534 212 582<br>+48\u00a0<span style=\"font-size: 1em;\">534 212 584<\/span><\/p>    <\/div>\n<\/div>\n<!-- \/module text --><!-- module text -->\n<div  class=\"module module-text tb_ts3w342   \" data-lazy=\"1\">\n        <div  class=\"tb_text_wrap\">\n        <h3>Napisz do nas:<\/h3>\n<p><a href=\"mailto:kontakt.akacjowa@gmail.com\">kontakt.akacjowa@gmail.com<\/a><\/p>    <\/div>\n<\/div>\n<!-- \/module text --><!-- module icon -->\n<div  class=\"module module-icon tb_847t578    icon_horizontal \" data-lazy=\"1\">\n            <div class=\"module-icon-item\">\n                            <a href=\"https:\/\/www.facebook.com\/profile.php?id=61576188151885\" rel=\"noopener\" target=\"_blank\">\n                                                                    <em class=\"tf_box\"><svg  class=\"tf_fa tf-ti-facebook\" aria-hidden=\"true\"><use href=\"#tf-ti-facebook\"><\/use><\/svg><\/em>\n                                                                <\/a>\n                    <\/div>\n    <\/div>\n<!-- \/module icon -->\n        <\/div>\n                        <\/div>\n        <\/div>\n                        <div  data-css_id=\"5ron928\" data-lazy=\"1\" class=\"module_row themify_builder_row fullwidth tb_5ron928 tf_w\">\n                        <div class=\"row_inner col_align_top tb_col_count_1 tf_box tf_rel\">\n                        <div  data-lazy=\"1\" class=\"module_column tb-column col-full tb_umkt928 first\">\n                    <!-- module map -->\n<div  class=\"module module-map tb_fys2928 \">\n                                    <link rel=\"preconnect\" href=\"https:\/\/maps.googleapis.com\" crossorigin\/>\n                <div data-lazy=\"1\"             data-map-provider=\"google\"\n                            data-mapid=\"\"\n             \n            data-address=\"Akacjowa 9, 05-140 Jadwisin\"\n            data-zoom=\"16\"\n            data-type=\"ROADMAP\"\n            data-scroll=\"\"\n            data-drag=\"1\"\n            data-mdrag=\"1\"\n            data-control=\"\"\n            class=\"tf_lazy themify_map\"\n            style=\"width:100%;height:400px;\"\n            data-info-window=\"&lt;b&gt;Address&lt;\/b&gt;&lt;br\/&gt;&lt;p&gt;Akacjowa 9, 05-140 Jadwisin&lt;\/p&gt;\"\n            data-reverse-geocoding=\"\">\n        <\/div>\n    <\/div>\n<!-- \/module map -->\n        <div  data-lazy=\"1\" class=\"module_subrow themify_builder_sub_row tf_w col_align_top tb_col_count_2 tb_nonl452\">\n                <div  data-lazy=\"1\" class=\"module_column sub_column tb_hmv8452 first\">\n                    <!-- module text -->\n<div  class=\"module module-text tb_w54y452   \" data-lazy=\"1\">\n        <div  class=\"tb_text_wrap\">\n        <h2>Jak mo\u017cemy Ci jeszcze pom\u00f3c?<\/h2>    <\/div>\n<\/div>\n<!-- \/module text --><!-- module text -->\n<div  class=\"module module-text tb_icj6452   \" data-lazy=\"1\">\n        <div  class=\"tb_text_wrap\">\n        <p>Mo\u017cesz do nas zadzwoni\u0107, napisa\u0107 maila lub skorzysta\u0107 z formularza kontaktowego.<\/p>    <\/div>\n<\/div>\n<!-- \/module text --><!-- module divider -->\n<div  class=\"module tf_mw module-divider tb_8xeo452 solid   \" style=\"border-width: 1px;border-color: #ebebeb;margin-top: 10px;margin-bottom: 30px;\" data-lazy=\"1\">\n    <\/div>\n<!-- \/module divider -->\n<!-- module icon -->\n<div  class=\"module module-icon tb_12vf452  small none icon_vertical \" data-lazy=\"1\">\n            <div class=\"module-icon-item\">\n                                                                <em class=\"tf_box\" style=\"color:#ffffff\"><svg  class=\"tf_fa tf-fas-phone\" aria-hidden=\"true\"><use href=\"#tf-fas-phone\"><\/use><\/svg><\/em>\n                                                                            <span>+48 534 212 582<\/span>\n                                                            <\/div>\n            <div class=\"module-icon-item\">\n                                                                <em class=\"tf_box\" style=\"color:#ffffff\"><svg  class=\"tf_fa tf-fas-phone\" aria-hidden=\"true\"><use href=\"#tf-fas-phone\"><\/use><\/svg><\/em>\n                                                                            <span>+48\u00a0534 212 584<\/span>\n                                                            <\/div>\n            <div class=\"module-icon-item\">\n                                                                <em class=\"tf_box\" style=\"color:#ffffff\"><svg  class=\"tf_fa tf-far-envelope\" aria-hidden=\"true\"><use href=\"#tf-far-envelope\"><\/use><\/svg><\/em>\n                                                                            <span>kontakt.akacjowa@gmail.com<\/span>\n                                                            <\/div>\n            <div class=\"module-icon-item\">\n                                                                <em class=\"tf_box\" style=\"color:#ffffff\"><svg  class=\"tf_fa tf-far-map-pin\" aria-hidden=\"true\"><use href=\"#tf-far-map-pin\"><\/use><\/svg><\/em>\n                                                                            <span>ul. Akacjowa 9, Jadwisin<\/span>\n                                                            <\/div>\n    <\/div>\n<!-- \/module icon -->\n        <\/div>\n                    <div  data-lazy=\"1\" class=\"module_column sub_column tb_gc20452 last\">\n                    <!-- module text -->\n<div  class=\"module module-text tb_vaxh452   \" data-lazy=\"1\">\n        <div  class=\"tb_text_wrap\">\n        <h4>Email Us<\/h4>    <\/div>\n<\/div>\n<!-- \/module text --><!-- module contact -->\n<div  id=\"tb_uu9u452\" class=\"module module-contact tb_uu9u452 contact-style2 \" data-lazy=\"1\">\n    \n\t<form class=\"builder-contact\"\n\t\tid=\"tb_uu9u452-form\"\n\t\tmethod=\"post\"\n\t\tdata-post-id=\"33\"\n\t\tdata-element-id=\"uu9u452\"\n\t\tdata-orig-id=\"33\"\n\t>\n    <div class=\"contact-message\"><\/div>\n\t<div class=\"builder-contact-fields tf_rel\">\n\t\t    \t\t    <div class=\"builder-contact-field builder-contact-field-name builder-contact-text-field\">\n\t\t\t    <label class=\"control-label\" for=\"tb_uu9u452-contact-name\">\n\t\t\t\t\t\t\t\t\t\t<span class=\"tb-label-span\">Imi\u0119 <\/span><span class=\"required\">*<\/span>\t\t\t\t<\/label>\n\t\t\t    <div class=\"control-input tf_rel\">\n\t\t\t\t    \t\t\t\t\t    <input type=\"text\" name=\"contact-name\" placeholder=\"\" id=\"tb_uu9u452-contact-name\" value=\"\" class=\"form-control\" required>\n\t\t\t\t    \t\t\t\t    \t\t\t    <\/div>\n\t\t<\/div>\n\t    \n\t\t    \t\t    <div class=\"builder-contact-field builder-contact-field-email builder-contact-text-field\">\n\t\t\t    <label class=\"control-label\" for=\"tb_uu9u452-contact-email\">\n\t\t\t\t\t\t\t\t\t\t<span class=\"tb-label-span\">Email <\/span><span class=\"required\">*<\/span>\t\t\t\t<\/label>\n\t\t\t    <div class=\"control-input tf_rel\">\n\t\t\t\t    \t\t\t\t\t    <input type=\"email\" name=\"contact-email\" placeholder=\"\" id=\"tb_uu9u452-contact-email\" value=\"\" class=\"form-control\" required>\n\t\t\t\t    \t\t\t\t    \t\t\t    <\/div>\n\t\t<\/div>\n\t    \n\t\t    \t\t    <div class=\"builder-contact-field builder-contact-field-subject builder-contact-text-field\">\n\t\t\t    <label class=\"control-label\" for=\"tb_uu9u452-contact-subject\">\n\t\t\t\t\t\t\t\t\t\t<span class=\"tb-label-span\">Temat <\/span><span class=\"required\">*<\/span>\t\t\t\t<\/label>\n\t\t\t    <div class=\"control-input tf_rel\">\n\t\t\t\t    \t\t\t\t\t    <input type=\"text\" name=\"contact-subject\" placeholder=\"\" id=\"tb_uu9u452-contact-subject\" value=\"\" class=\"form-control\" required>\n\t\t\t\t    \t\t\t\t    \t\t\t    <\/div>\n\t\t<\/div>\n\t    \n\t\t    \t\t    <div class=\"builder-contact-field builder-contact-field-message builder-contact-textarea-field\">\n\t\t\t    <label class=\"control-label\" for=\"tb_uu9u452-contact-message\">\n\t\t\t\t\t\t\t\t\t\t<span class=\"tb-label-span\">Wiadomo\u015b\u0107 <\/span>\t\t\t\t<\/label>\n\t\t\t    <div class=\"control-input tf_rel\">\n\t\t\t\t    \t\t\t\t\t    <textarea name=\"contact-message\" placeholder=\"\" id=\"tb_uu9u452-contact-message\" class=\"form-control\"><\/textarea>\n\t\t\t\t    \t\t\t\t    \t\t\t    <\/div>\n\t\t<\/div>\n\t    \n\t\t    \t\t\n\t\t\n\t    \n\t    <div class=\"builder-contact-field builder-contact-field-send control-input tf_textl tf_clear tf_rel\">\n\t\t\t<button type=\"submit\" class=\"btn btn-primary\">\n\t\t\t\t<span class=\"tf_loader\"><\/span>\t\t\t\t<span class=\"tf_submit_icon\"><\/span> \n\t\t\t\twy\u015blij\t\t\t<\/button>\n\t    <\/div>\n\t<\/div>\n    <\/form>\n    <\/div>\n<!-- \/module contact -->\n        <\/div>\n                    <\/div>\n                <\/div>\n                        <\/div>\n        <\/div>\n        <\/div>\n<!--\/themify_builder_content-->\n\n\n<p><\/p>","protected":false},"excerpt":{"rendered":"","protected":false},"author":1,"featured_media":0,"parent":0,"menu_order":0,"comment_status":"closed","ping_status":"closed","template":"","meta":{"footnotes":""},"class_list":["post-33","page","type-page","status-publish","hentry","has-post-title","has-post-date","has-post-category","has-post-tag","has-post-comment","has-post-author",""],"yoast_head":"<!-- This site is optimized with the Yoast SEO plugin v25.2 - https:\/\/yoast.com\/wordpress\/plugins\/seo\/ -->\n<title>Zarezerwuj - Dom Zagadek<\/title>\n<meta name=\"robots\" content=\"index, follow, max-snippet:-1, max-image-preview:large, max-video-preview:-1\" \/>\n<link rel=\"canonical\" href=\"https:\/\/wrotaczasu.org\/index.php\/zarezerwuj\/\" \/>\n<meta property=\"og:locale\" content=\"pl_PL\" \/>\n<meta property=\"og:type\" content=\"article\" \/>\n<meta property=\"og:title\" content=\"Zarezerwuj - Dom Zagadek\" \/>\n<meta property=\"og:url\" content=\"https:\/\/wrotaczasu.org\/index.php\/zarezerwuj\/\" \/>\n<meta property=\"og:site_name\" content=\"Dom Zagadek\" \/>\n<meta property=\"article:modified_time\" content=\"2025-10-01T12:03:32+00:00\" \/>\n<meta name=\"twitter:card\" content=\"summary_large_image\" \/>\n<meta name=\"twitter:label1\" content=\"Szacowany czas czytania\" \/>\n\t<meta name=\"twitter:data1\" content=\"1 minuta\" \/>\n<script type=\"application\/ld+json\" class=\"yoast-schema-graph\">{\"@context\":\"https:\/\/schema.org\",\"@graph\":[{\"@type\":\"WebPage\",\"@id\":\"https:\/\/wrotaczasu.org\/index.php\/zarezerwuj\/\",\"url\":\"https:\/\/wrotaczasu.org\/index.php\/zarezerwuj\/\",\"name\":\"Zarezerwuj - Dom Zagadek\",\"isPartOf\":{\"@id\":\"https:\/\/wrotaczasu.org\/#website\"},\"datePublished\":\"2025-06-16T11:59:50+00:00\",\"dateModified\":\"2025-10-01T12:03:32+00:00\",\"breadcrumb\":{\"@id\":\"https:\/\/wrotaczasu.org\/index.php\/zarezerwuj\/#breadcrumb\"},\"inLanguage\":\"pl-PL\",\"potentialAction\":[{\"@type\":\"ReadAction\",\"target\":[\"https:\/\/wrotaczasu.org\/index.php\/zarezerwuj\/\"]}]},{\"@type\":\"BreadcrumbList\",\"@id\":\"https:\/\/wrotaczasu.org\/index.php\/zarezerwuj\/#breadcrumb\",\"itemListElement\":[{\"@type\":\"ListItem\",\"position\":1,\"name\":\"Home\",\"item\":\"https:\/\/wrotaczasu.org\/\"},{\"@type\":\"ListItem\",\"position\":2,\"name\":\"Zarezerwuj\"}]},{\"@type\":\"WebSite\",\"@id\":\"https:\/\/wrotaczasu.org\/#website\",\"url\":\"https:\/\/wrotaczasu.org\/\",\"name\":\"Dom Zagadek\",\"description\":\"\",\"potentialAction\":[{\"@type\":\"SearchAction\",\"target\":{\"@type\":\"EntryPoint\",\"urlTemplate\":\"https:\/\/wrotaczasu.org\/?s={search_term_string}\"},\"query-input\":{\"@type\":\"PropertyValueSpecification\",\"valueRequired\":true,\"valueName\":\"search_term_string\"}}],\"inLanguage\":\"pl-PL\"}]}<\/script>\n<!-- \/ Yoast SEO plugin. -->","yoast_head_json":{"title":"Zarezerwuj - Dom Zagadek","robots":{"index":"index","follow":"follow","max-snippet":"max-snippet:-1","max-image-preview":"max-image-preview:large","max-video-preview":"max-video-preview:-1"},"canonical":"https:\/\/wrotaczasu.org\/index.php\/zarezerwuj\/","og_locale":"pl_PL","og_type":"article","og_title":"Zarezerwuj - Dom Zagadek","og_url":"https:\/\/wrotaczasu.org\/index.php\/zarezerwuj\/","og_site_name":"Dom Zagadek","article_modified_time":"2025-10-01T12:03:32+00:00","twitter_card":"summary_large_image","twitter_misc":{"Szacowany czas czytania":"1 minuta"},"schema":{"@context":"https:\/\/schema.org","@graph":[{"@type":"WebPage","@id":"https:\/\/wrotaczasu.org\/index.php\/zarezerwuj\/","url":"https:\/\/wrotaczasu.org\/index.php\/zarezerwuj\/","name":"Zarezerwuj - Dom Zagadek","isPartOf":{"@id":"https:\/\/wrotaczasu.org\/#website"},"datePublished":"2025-06-16T11:59:50+00:00","dateModified":"2025-10-01T12:03:32+00:00","breadcrumb":{"@id":"https:\/\/wrotaczasu.org\/index.php\/zarezerwuj\/#breadcrumb"},"inLanguage":"pl-PL","potentialAction":[{"@type":"ReadAction","target":["https:\/\/wrotaczasu.org\/index.php\/zarezerwuj\/"]}]},{"@type":"BreadcrumbList","@id":"https:\/\/wrotaczasu.org\/index.php\/zarezerwuj\/#breadcrumb","itemListElement":[{"@type":"ListItem","position":1,"name":"Home","item":"https:\/\/wrotaczasu.org\/"},{"@type":"ListItem","position":2,"name":"Zarezerwuj"}]},{"@type":"WebSite","@id":"https:\/\/wrotaczasu.org\/#website","url":"https:\/\/wrotaczasu.org\/","name":"Dom Zagadek","description":"","potentialAction":[{"@type":"SearchAction","target":{"@type":"EntryPoint","urlTemplate":"https:\/\/wrotaczasu.org\/?s={search_term_string}"},"query-input":{"@type":"PropertyValueSpecification","valueRequired":true,"valueName":"search_term_string"}}],"inLanguage":"pl-PL"}]}},"builder_content":"<iframe id=\"iframe_calendar_HFm56DQPYseLAiJidKBmsxyEesRTbLoR_6361\" src=\"https:\/\/widget.lock.me\/pl\/calendar\/HFm56DQPYseLAiJidKBmsxyEesRTbLoR_6361.html?chooser=1\" border=\"0\" width=\"100%\" height=\"450\" style=\"border:none;\"><\/iframe>\n<h3>Lokalizacja:<\/h3> <p>Jadwisin<br>ul. Akacjowa 9<br><a href=\"https:\/\/g.co\/kgs\/7ZnGJWg\">Zobacz na mapie<\/a><\/p>\n<h3>Zadzwo\u0144:<\/h3> <p>+48 534 212 582<br>+48\u00a0534 212 584<\/p>\n<h3>Napisz do nas:<\/h3> <p><a href=\"mailto:kontakt.akacjowa@gmail.com\">kontakt.akacjowa@gmail.com<\/a><\/p>\n<a href=\"https:\/\/www.facebook.com\/profile.php?id=61576188151885\" rel=\"noopener\" target=\"_blank\"> <em><svg aria-hidden=\"true\"><use href=\"#tf-ti-facebook\"><\/use><\/svg><\/em> <\/a>\n<h3><\/h3><iframe frameborder=\"0\" scrolling=\"no\" marginheight=\"0\" marginwidth=\"0\" src=\"https:\/\/maps.google.com\/maps?q=Akacjowa+9%2C+05-140+Jadwisin&amp;t=m&amp;z=16&amp;output=embed&amp;iwloc=near\"><\/iframe>\n<h2>Jak mo\u017cemy Ci jeszcze pom\u00f3c?<\/h2>\n<p>Mo\u017cesz do nas zadzwoni\u0107, napisa\u0107 maila lub skorzysta\u0107 z formularza kontaktowego.<\/p>\n\n<em style=\"color:#ffffff\"><svg aria-hidden=\"true\"><use href=\"#tf-fas-phone\"><\/use><\/svg><\/em> +48 534 212 582 <em style=\"color:#ffffff\"><svg aria-hidden=\"true\"><use href=\"#tf-fas-phone\"><\/use><\/svg><\/em> +48\u00a0534 212 584 <em style=\"color:#ffffff\"><svg aria-hidden=\"true\"><use href=\"#tf-far-envelope\"><\/use><\/svg><\/em> kontakt.akacjowa@gmail.com <em style=\"color:#ffffff\"><svg aria-hidden=\"true\"><use href=\"#tf-far-map-pin\"><\/use><\/svg><\/em> ul. Akacjowa 9, Jadwisin\n<h4>Email Us<\/h4>\n<form id=\"tb_uu9u452-form\" method=\"post\" data-post-id=\"0\" data-element-id=\"uu9u452\" data-orig-id=\"33\" > <label for=\"tb_uu9u452-contact-name\"> Imi\u0119 * <\/label> <input type=\"text\" name=\"contact-name\" placeholder=\"\" id=\"tb_uu9u452-contact-name\" value=\"\" required> <label for=\"tb_uu9u452-contact-email\"> Email * <\/label> <input type=\"email\" name=\"contact-email\" placeholder=\"\" id=\"tb_uu9u452-contact-email\" value=\"\" required> <label for=\"tb_uu9u452-contact-subject\"> Temat * <\/label> <input type=\"text\" name=\"contact-subject\" placeholder=\"\" id=\"tb_uu9u452-contact-subject\" value=\"\" required> <label for=\"tb_uu9u452-contact-message\"> Wiadomo\u015b\u0107 <\/label> <textarea name=\"contact-message\" placeholder=\"\" id=\"tb_uu9u452-contact-message\"><\/textarea> <button type=\"submit\"> wy\u015blij <\/button> <\/form>","_links":{"self":[{"href":"https:\/\/wrotaczasu.org\/index.php\/wp-json\/wp\/v2\/pages\/33","targetHints":{"allow":["GET"]}}],"collection":[{"href":"https:\/\/wrotaczasu.org\/index.php\/wp-json\/wp\/v2\/pages"}],"about":[{"href":"https:\/\/wrotaczasu.org\/index.php\/wp-json\/wp\/v2\/types\/page"}],"author":[{"embeddable":true,"href":"https:\/\/wrotaczasu.org\/index.php\/wp-json\/wp\/v2\/users\/1"}],"replies":[{"embeddable":true,"href":"https:\/\/wrotaczasu.org\/index.php\/wp-json\/wp\/v2\/comments?post=33"}],"version-history":[{"count":52,"href":"https:\/\/wrotaczasu.org\/index.php\/wp-json\/wp\/v2\/pages\/33\/revisions"}],"predecessor-version":[{"id":404,"href":"https:\/\/wrotaczasu.org\/index.php\/wp-json\/wp\/v2\/pages\/33\/revisions\/404"}],"wp:attachment":[{"href":"https:\/\/wrotaczasu.org\/index.php\/wp-json\/wp\/v2\/media?parent=33"}],"curies":[{"name":"wp","href":"https:\/\/api.w.org\/{rel}","templated":true}]}}