{"id":39,"date":"2025-06-24T12:10:15","date_gmt":"2025-06-24T10:10:15","guid":{"rendered":"https:\/\/wrotaczasu.org\/?page_id=39"},"modified":"2025-10-01T14:01:46","modified_gmt":"2025-10-01T12:01:46","slug":"oferta","status":"publish","type":"page","link":"https:\/\/wrotaczasu.org\/index.php\/oferta\/","title":{"rendered":"Oferta"},"content":{"rendered":"<!--themify_builder_content-->\n<div id=\"themify_builder_content-39\" data-postid=\"39\" class=\"themify_builder_content themify_builder_content-39 themify_builder tf_clear\">\n                    <div  data-parallax-bg=\"desktop\" data-css_id=\"nqlf573\" data-lazy=\"1\" class=\"module_row themify_builder_row fullheight fullwidth tb_nqlf573 tb_first tf_w\">\n                        <div class=\"row_inner col_align_middle gutter-none tb_col_count_2 tf_box tf_rel\">\n                        <div  data-lazy=\"1\" class=\"module_column tb-column col4-2 tb_mrrm574 first\">\n        <span class=\"builder_row_cover tf_abs\"><\/span>            <!-- module text -->\n<div  class=\"module module-text tb_fj25574   \" data-lazy=\"1\">\n        <div  class=\"tb_text_wrap\">\n        <h2 style=\"text-align: right;\">Pragniesz zorganizowa\u0107 w Dworku swoje w\u0142asne wydarzenie?<\/h2>    <\/div>\n<\/div>\n<!-- \/module text --><!-- module text -->\n<div  class=\"module module-text tb_u34s574   \" data-lazy=\"1\">\n        <div  class=\"tb_text_wrap\">\n        <p style=\"text-align: right;\">Chcesz zaprosi\u0107 wi\u0119ksz\u0105 grup\u0119 przyjaci\u00f3\u0142, znajomych, wsp\u00f3\u0142pracownik\u00f3w lub klient\u00f3w?<\/p>\n<h3 style=\"text-align: right;\">Napisz do nas, mamy dla Ciebie propozycj\u0119!<\/h3>\n<p>\u00a0<\/p>\n<p>\u00a0<\/p>\n<p style=\"text-align: right;\">Doch\u00f3d z tych wydarze\u0144 przeznaczamy na rozw\u00f3j Domu Zagadek.<\/p>    <\/div>\n<\/div>\n<!-- \/module text -->        <\/div>\n                    <div  data-lazy=\"1\" class=\"module_column tb-column col4-2 tb_ys7m574 last\">\n                            <\/div>\n                        <\/div>\n        <\/div>\n                        <div  data-css_id=\"5lc6915\" data-lazy=\"1\" class=\"module_row themify_builder_row fullwidth tb_5lc6915 tf_w\">\n                        <div class=\"row_inner col_align_top tb_col_count_1 tf_box tf_rel\">\n                        <div  data-lazy=\"1\" class=\"module_column tb-column col-full tb_0akt915 first\">\n                            <div  data-lazy=\"1\" class=\"module_subrow themify_builder_sub_row tf_w col_align_top tb_col_count_2 tb_12lx915\">\n                <div  data-lazy=\"1\" class=\"module_column sub_column tb_xgx8915 first\">\n                    <!-- module text -->\n<div  class=\"module module-text tb_ofjx915   \" data-lazy=\"1\">\n        <div  class=\"tb_text_wrap\">\n        <h2>Zadzwo\u0144 do nas lub skorzystaj z formularza kontaktowego.<\/h2>    <\/div>\n<\/div>\n<!-- \/module text --><!-- module divider -->\n<div  class=\"module tf_mw module-divider tb_qtiq915 solid   \" style=\"border-width: 1px;border-color: #ebebeb;margin-top: 10px;margin-bottom: 30px;\" data-lazy=\"1\">\n    <\/div>\n<!-- \/module divider -->\n<!-- module icon -->\n<div  class=\"module module-icon tb_xcqp915  small none icon_vertical \" data-lazy=\"1\">\n            <div class=\"module-icon-item\">\n                                                                <em class=\"tf_box\" style=\"color:#ffffff\"><svg  class=\"tf_fa tf-fas-phone\" aria-hidden=\"true\"><use href=\"#tf-fas-phone\"><\/use><\/svg><\/em>\n                                                                            <span>+48 534 212 582<\/span>\n                                                            <\/div>\n            <div class=\"module-icon-item\">\n                                                                <em class=\"tf_box\" style=\"color:#ffffff\"><svg  class=\"tf_fa tf-fas-phone\" aria-hidden=\"true\"><use href=\"#tf-fas-phone\"><\/use><\/svg><\/em>\n                                                                            <span>+48\u00a0534 212 584<\/span>\n                                                            <\/div>\n            <div class=\"module-icon-item\">\n                                                                <em class=\"tf_box\" style=\"color:#ffffff\"><svg  class=\"tf_fa tf-far-envelope\" aria-hidden=\"true\"><use href=\"#tf-far-envelope\"><\/use><\/svg><\/em>\n                                                                            <span>kontakt.akacjowa@gmail.com<\/span>\n                                                            <\/div>\n            <div class=\"module-icon-item\">\n                                                                <em class=\"tf_box\" style=\"color:#ffffff\"><svg  class=\"tf_fa tf-far-map-pin\" aria-hidden=\"true\"><use href=\"#tf-far-map-pin\"><\/use><\/svg><\/em>\n                                                                            <span>ul. Akacjowa 9, Jadwisin<\/span>\n                                                            <\/div>\n    <\/div>\n<!-- \/module icon -->\n        <\/div>\n                    <div  data-lazy=\"1\" class=\"module_column sub_column tb_1bjx915 last\">\n                    <!-- module text -->\n<div  class=\"module module-text tb_44s2915   \" data-lazy=\"1\">\n        <div  class=\"tb_text_wrap\">\n        <h4>Email Us<\/h4>    <\/div>\n<\/div>\n<!-- \/module text --><!-- module contact -->\n<div  id=\"tb_216g915\" class=\"module module-contact tb_216g915 contact-style2 \" data-lazy=\"1\">\n    \n\t<form class=\"builder-contact\"\n\t\tid=\"tb_216g915-form\"\n\t\tmethod=\"post\"\n\t\tdata-post-id=\"39\"\n\t\tdata-element-id=\"216g915\"\n\t\tdata-orig-id=\"39\"\n\t>\n    <div class=\"contact-message\"><\/div>\n\t<div class=\"builder-contact-fields tf_rel\">\n\t\t    \t\t    <div class=\"builder-contact-field builder-contact-field-name builder-contact-text-field\">\n\t\t\t    <label class=\"control-label\" for=\"tb_216g915-contact-name\">\n\t\t\t\t\t\t\t\t\t\t<span class=\"tb-label-span\">Imi\u0119 <\/span><span class=\"required\">*<\/span>\t\t\t\t<\/label>\n\t\t\t    <div class=\"control-input tf_rel\">\n\t\t\t\t    \t\t\t\t\t    <input type=\"text\" name=\"contact-name\" placeholder=\"\" id=\"tb_216g915-contact-name\" value=\"\" class=\"form-control\" required>\n\t\t\t\t    \t\t\t\t    \t\t\t    <\/div>\n\t\t<\/div>\n\t    \n\t\t    \t\t    <div class=\"builder-contact-field builder-contact-field-email builder-contact-text-field\">\n\t\t\t    <label class=\"control-label\" for=\"tb_216g915-contact-email\">\n\t\t\t\t\t\t\t\t\t\t<span class=\"tb-label-span\">Email <\/span><span class=\"required\">*<\/span>\t\t\t\t<\/label>\n\t\t\t    <div class=\"control-input tf_rel\">\n\t\t\t\t    \t\t\t\t\t    <input type=\"email\" name=\"contact-email\" placeholder=\"\" id=\"tb_216g915-contact-email\" value=\"\" class=\"form-control\" required>\n\t\t\t\t    \t\t\t\t    \t\t\t    <\/div>\n\t\t<\/div>\n\t    \n\t\t    \t\t    <div class=\"builder-contact-field builder-contact-field-subject builder-contact-text-field\">\n\t\t\t    <label class=\"control-label\" for=\"tb_216g915-contact-subject\">\n\t\t\t\t\t\t\t\t\t\t<span class=\"tb-label-span\">Temat <\/span><span class=\"required\">*<\/span>\t\t\t\t<\/label>\n\t\t\t    <div class=\"control-input tf_rel\">\n\t\t\t\t    \t\t\t\t\t    <input type=\"text\" name=\"contact-subject\" placeholder=\"\" id=\"tb_216g915-contact-subject\" value=\"\" class=\"form-control\" required>\n\t\t\t\t    \t\t\t\t    \t\t\t    <\/div>\n\t\t<\/div>\n\t    \n\t\t    \t\t    <div class=\"builder-contact-field builder-contact-field-message builder-contact-textarea-field\">\n\t\t\t    <label class=\"control-label\" for=\"tb_216g915-contact-message\">\n\t\t\t\t\t\t\t\t\t\t<span class=\"tb-label-span\">Wiadomo\u015b\u0107 <\/span>\t\t\t\t<\/label>\n\t\t\t    <div class=\"control-input tf_rel\">\n\t\t\t\t    \t\t\t\t\t    <textarea name=\"contact-message\" placeholder=\"\" id=\"tb_216g915-contact-message\" class=\"form-control\"><\/textarea>\n\t\t\t\t    \t\t\t\t    \t\t\t    <\/div>\n\t\t<\/div>\n\t    \n\t\t    \t\t\n\t\t\n\t    \n\t    <div class=\"builder-contact-field builder-contact-field-send control-input tf_textl tf_clear tf_rel\">\n\t\t\t<button type=\"submit\" class=\"btn btn-primary\">\n\t\t\t\t<span class=\"tf_loader\"><\/span>\t\t\t\t<span class=\"tf_submit_icon\"><\/span> \n\t\t\t\twy\u015blij\t\t\t<\/button>\n\t    <\/div>\n\t<\/div>\n    <\/form>\n    <\/div>\n<!-- \/module contact -->\n        <\/div>\n                    <\/div>\n        <!-- module map -->\n<div  class=\"module module-map tb_sqzj915 \">\n                                    <link rel=\"preconnect\" href=\"https:\/\/maps.googleapis.com\" crossorigin\/>\n                <div data-lazy=\"1\"             data-map-provider=\"google\"\n                            data-mapid=\"\"\n             \n            data-address=\"Akacjowa 9, 05-140 Jadwisin\"\n            data-zoom=\"16\"\n            data-type=\"ROADMAP\"\n            data-scroll=\"\"\n            data-drag=\"1\"\n            data-mdrag=\"1\"\n            data-control=\"\"\n            class=\"tf_lazy themify_map\"\n            style=\"width:100%;height:400px;\"\n            data-info-window=\"&lt;b&gt;Address&lt;\/b&gt;&lt;br\/&gt;&lt;p&gt;Akacjowa 9, 05-140 Jadwisin&lt;\/p&gt;\"\n            data-reverse-geocoding=\"\">\n        <\/div>\n    <\/div>\n<!-- \/module map -->\n        <\/div>\n                        <\/div>\n        <\/div>\n        <\/div>\n<!--\/themify_builder_content-->","protected":false},"excerpt":{"rendered":"<p>Pragniesz zorganizowa\u0107 w Dworku swoje w\u0142asne wydarzenie?<\/p>\n","protected":false},"author":1,"featured_media":0,"parent":0,"menu_order":0,"comment_status":"closed","ping_status":"closed","template":"","meta":{"footnotes":""},"class_list":["post-39","page","type-page","status-publish","hentry","has-post-title","has-post-date","has-post-category","has-post-tag","has-post-comment","has-post-author",""],"yoast_head":"<!-- This site is optimized with the Yoast SEO plugin v25.2 - https:\/\/yoast.com\/wordpress\/plugins\/seo\/ -->\n<title>Oferta - Dom Zagadek<\/title>\n<meta name=\"robots\" content=\"index, follow, max-snippet:-1, max-image-preview:large, max-video-preview:-1\" \/>\n<link rel=\"canonical\" href=\"https:\/\/wrotaczasu.org\/index.php\/oferta\/\" \/>\n<meta property=\"og:locale\" content=\"pl_PL\" \/>\n<meta property=\"og:type\" content=\"article\" \/>\n<meta property=\"og:title\" content=\"Oferta - Dom Zagadek\" \/>\n<meta property=\"og:description\" content=\"Pragniesz zorganizowa\u0107 w Dworku swoje w\u0142asne wydarzenie?\" \/>\n<meta property=\"og:url\" content=\"https:\/\/wrotaczasu.org\/index.php\/oferta\/\" \/>\n<meta property=\"og:site_name\" content=\"Dom Zagadek\" \/>\n<meta property=\"article:modified_time\" content=\"2025-10-01T12:01:46+00:00\" \/>\n<meta name=\"twitter:card\" content=\"summary_large_image\" \/>\n<meta name=\"twitter:label1\" content=\"Szacowany czas czytania\" \/>\n\t<meta name=\"twitter:data1\" content=\"1 minuta\" \/>\n<script type=\"application\/ld+json\" class=\"yoast-schema-graph\">{\"@context\":\"https:\/\/schema.org\",\"@graph\":[{\"@type\":\"WebPage\",\"@id\":\"https:\/\/wrotaczasu.org\/index.php\/oferta\/\",\"url\":\"https:\/\/wrotaczasu.org\/index.php\/oferta\/\",\"name\":\"Oferta - Dom Zagadek\",\"isPartOf\":{\"@id\":\"https:\/\/wrotaczasu.org\/#website\"},\"datePublished\":\"2025-06-24T10:10:15+00:00\",\"dateModified\":\"2025-10-01T12:01:46+00:00\",\"breadcrumb\":{\"@id\":\"https:\/\/wrotaczasu.org\/index.php\/oferta\/#breadcrumb\"},\"inLanguage\":\"pl-PL\",\"potentialAction\":[{\"@type\":\"ReadAction\",\"target\":[\"https:\/\/wrotaczasu.org\/index.php\/oferta\/\"]}]},{\"@type\":\"BreadcrumbList\",\"@id\":\"https:\/\/wrotaczasu.org\/index.php\/oferta\/#breadcrumb\",\"itemListElement\":[{\"@type\":\"ListItem\",\"position\":1,\"name\":\"Home\",\"item\":\"https:\/\/wrotaczasu.org\/\"},{\"@type\":\"ListItem\",\"position\":2,\"name\":\"Oferta\"}]},{\"@type\":\"WebSite\",\"@id\":\"https:\/\/wrotaczasu.org\/#website\",\"url\":\"https:\/\/wrotaczasu.org\/\",\"name\":\"Dom Zagadek\",\"description\":\"\",\"potentialAction\":[{\"@type\":\"SearchAction\",\"target\":{\"@type\":\"EntryPoint\",\"urlTemplate\":\"https:\/\/wrotaczasu.org\/?s={search_term_string}\"},\"query-input\":{\"@type\":\"PropertyValueSpecification\",\"valueRequired\":true,\"valueName\":\"search_term_string\"}}],\"inLanguage\":\"pl-PL\"}]}<\/script>\n<!-- \/ Yoast SEO plugin. -->","yoast_head_json":{"title":"Oferta - Dom Zagadek","robots":{"index":"index","follow":"follow","max-snippet":"max-snippet:-1","max-image-preview":"max-image-preview:large","max-video-preview":"max-video-preview:-1"},"canonical":"https:\/\/wrotaczasu.org\/index.php\/oferta\/","og_locale":"pl_PL","og_type":"article","og_title":"Oferta - Dom Zagadek","og_description":"Pragniesz zorganizowa\u0107 w Dworku swoje w\u0142asne wydarzenie?","og_url":"https:\/\/wrotaczasu.org\/index.php\/oferta\/","og_site_name":"Dom Zagadek","article_modified_time":"2025-10-01T12:01:46+00:00","twitter_card":"summary_large_image","twitter_misc":{"Szacowany czas czytania":"1 minuta"},"schema":{"@context":"https:\/\/schema.org","@graph":[{"@type":"WebPage","@id":"https:\/\/wrotaczasu.org\/index.php\/oferta\/","url":"https:\/\/wrotaczasu.org\/index.php\/oferta\/","name":"Oferta - Dom Zagadek","isPartOf":{"@id":"https:\/\/wrotaczasu.org\/#website"},"datePublished":"2025-06-24T10:10:15+00:00","dateModified":"2025-10-01T12:01:46+00:00","breadcrumb":{"@id":"https:\/\/wrotaczasu.org\/index.php\/oferta\/#breadcrumb"},"inLanguage":"pl-PL","potentialAction":[{"@type":"ReadAction","target":["https:\/\/wrotaczasu.org\/index.php\/oferta\/"]}]},{"@type":"BreadcrumbList","@id":"https:\/\/wrotaczasu.org\/index.php\/oferta\/#breadcrumb","itemListElement":[{"@type":"ListItem","position":1,"name":"Home","item":"https:\/\/wrotaczasu.org\/"},{"@type":"ListItem","position":2,"name":"Oferta"}]},{"@type":"WebSite","@id":"https:\/\/wrotaczasu.org\/#website","url":"https:\/\/wrotaczasu.org\/","name":"Dom Zagadek","description":"","potentialAction":[{"@type":"SearchAction","target":{"@type":"EntryPoint","urlTemplate":"https:\/\/wrotaczasu.org\/?s={search_term_string}"},"query-input":{"@type":"PropertyValueSpecification","valueRequired":true,"valueName":"search_term_string"}}],"inLanguage":"pl-PL"}]}},"builder_content":"<h2 style=\"text-align: right;\">Pragniesz zorganizowa\u0107 w Dworku swoje w\u0142asne wydarzenie?<\/h2>\n<p style=\"text-align: right;\">Chcesz zaprosi\u0107 wi\u0119ksz\u0105 grup\u0119 przyjaci\u00f3\u0142, znajomych, wsp\u00f3\u0142pracownik\u00f3w lub klient\u00f3w?<\/p> <h3 style=\"text-align: right;\">Napisz do nas, mamy dla Ciebie propozycj\u0119!<\/h3> <p>\u00a0<\/p> <p>\u00a0<\/p> <p style=\"text-align: right;\">Doch\u00f3d z tych wydarze\u0144 przeznaczamy na rozw\u00f3j Domu Zagadek.<\/p>\n<h2>Zadzwo\u0144 do nas lub skorzystaj z formularza kontaktowego.<\/h2>\n\n<em style=\"color:#ffffff\"><svg aria-hidden=\"true\"><use href=\"#tf-fas-phone\"><\/use><\/svg><\/em> +48 534 212 582 <em style=\"color:#ffffff\"><svg aria-hidden=\"true\"><use href=\"#tf-fas-phone\"><\/use><\/svg><\/em> +48\u00a0534 212 584 <em style=\"color:#ffffff\"><svg aria-hidden=\"true\"><use href=\"#tf-far-envelope\"><\/use><\/svg><\/em> kontakt.akacjowa@gmail.com <em style=\"color:#ffffff\"><svg aria-hidden=\"true\"><use href=\"#tf-far-map-pin\"><\/use><\/svg><\/em> ul. Akacjowa 9, Jadwisin\n<h4>Email Us<\/h4>\n<form id=\"tb_216g915-form\" method=\"post\" data-post-id=\"0\" data-element-id=\"216g915\" data-orig-id=\"39\" > <label for=\"tb_216g915-contact-name\"> Imi\u0119 * <\/label> <input type=\"text\" name=\"contact-name\" placeholder=\"\" id=\"tb_216g915-contact-name\" value=\"\" required> <label for=\"tb_216g915-contact-email\"> Email * <\/label> <input type=\"email\" name=\"contact-email\" placeholder=\"\" id=\"tb_216g915-contact-email\" value=\"\" required> <label for=\"tb_216g915-contact-subject\"> Temat * <\/label> <input type=\"text\" name=\"contact-subject\" placeholder=\"\" id=\"tb_216g915-contact-subject\" value=\"\" required> <label for=\"tb_216g915-contact-message\"> Wiadomo\u015b\u0107 <\/label> <textarea name=\"contact-message\" placeholder=\"\" id=\"tb_216g915-contact-message\"><\/textarea> <button type=\"submit\"> wy\u015blij <\/button> <\/form>\n<h3><\/h3><iframe frameborder=\"0\" scrolling=\"no\" marginheight=\"0\" marginwidth=\"0\" src=\"https:\/\/maps.google.com\/maps?q=Akacjowa+9%2C+05-140+Jadwisin&amp;t=m&amp;z=16&amp;output=embed&amp;iwloc=near\"><\/iframe>","_links":{"self":[{"href":"https:\/\/wrotaczasu.org\/index.php\/wp-json\/wp\/v2\/pages\/39","targetHints":{"allow":["GET"]}}],"collection":[{"href":"https:\/\/wrotaczasu.org\/index.php\/wp-json\/wp\/v2\/pages"}],"about":[{"href":"https:\/\/wrotaczasu.org\/index.php\/wp-json\/wp\/v2\/types\/page"}],"author":[{"embeddable":true,"href":"https:\/\/wrotaczasu.org\/index.php\/wp-json\/wp\/v2\/users\/1"}],"replies":[{"embeddable":true,"href":"https:\/\/wrotaczasu.org\/index.php\/wp-json\/wp\/v2\/comments?post=39"}],"version-history":[{"count":32,"href":"https:\/\/wrotaczasu.org\/index.php\/wp-json\/wp\/v2\/pages\/39\/revisions"}],"predecessor-version":[{"id":394,"href":"https:\/\/wrotaczasu.org\/index.php\/wp-json\/wp\/v2\/pages\/39\/revisions\/394"}],"wp:attachment":[{"href":"https:\/\/wrotaczasu.org\/index.php\/wp-json\/wp\/v2\/media?parent=39"}],"curies":[{"name":"wp","href":"https:\/\/api.w.org\/{rel}","templated":true}]}}